{"id":290,"date":"2022-08-10T09:08:41","date_gmt":"2022-08-10T07:08:41","guid":{"rendered":"http:\/\/augustine-bordeaux.fr\/index.php\/lecole-augustine-copy\/"},"modified":"2025-05-21T07:57:04","modified_gmt":"2025-05-21T05:57:04","slug":"kids","status":"publish","type":"page","link":"https:\/\/augustine-bordeaux.fr\/index.php\/kids\/","title":{"rendered":"Kids"},"content":{"rendered":"<!--themify_builder_content-->\n<div id=\"themify_builder_content-290\" data-postid=\"290\" class=\"themify_builder_content themify_builder_content-290 themify_builder tf_clear\">\n                    <div  data-lazy=\"1\" class=\"module_row themify_builder_row tb_4jc0964 tb_first tf_w\">\n                        <div class=\"row_inner col_align_top tb_col_count_1 tf_box tf_rel\">\n                        <div  data-lazy=\"1\" class=\"module_column tb-column col-full tb_96pk965 first\">\n                    <!-- module template_part -->\n<div  class=\"module module-layout-part tb_qocm166 \">\n    <div class=\"tb_layout_part_wrap tf_w\"><!--themify_builder_content-->\n    <div  class=\"themify_builder_content themify_builder_content-1475 themify_builder not_editable_builder in_the_loop\" data-postid=\"1475\">\n                        <div  data-css_id=\"ikyv561\" data-lazy=\"1\" class=\"module_row themify_builder_row fullwidth_row_container tb_ikyv561 tf_w\">\n                        <div class=\"row_inner col_align_top tb_col_count_1 tf_box tf_rel\">\n                        <div  data-lazy=\"1\" class=\"module_column tb-column col-full tb_sq9n561 first\">\n                    <!-- module image -->\n<div  class=\"module module-image tb_zcdf464 image-top   tf_mw\" data-lazy=\"1\">\n        <div class=\"image-wrap tf_rel tf_mw\">\n            <img loading=\"lazy\" decoding=\"async\" width=\"2560\" height=\"1333\" src=\"https:\/\/augustine-bordeaux.fr\/wp-content\/uploads\/2022\/08\/Banniere_2880x1500-scaled.gif\" class=\"wp-post-image wp-image-201\" title=\"Banniere_2880x1500\" alt=\"Banniere_2880x1500\">    \n        <\/div>\n    <!-- \/image-wrap -->\n    \n        <\/div>\n<!-- \/module image -->        <\/div>\n                        <\/div>\n        <\/div>\n                        <div  data-lazy=\"1\" class=\"module_row themify_builder_row tb_7t2j327 tf_w\">\n                        <div class=\"row_inner col_align_top tb_col_count_1 tf_box tf_rel\">\n                        <div  data-lazy=\"1\" class=\"module_column tb-column col-full tb_u73p327 first\">\n                    <!-- module menu -->\n<div  class=\"module module-menu tb_6hwo304  mobile-menu-slide\" data-menu-style=\"mobile-menu-slide\" data-menu-breakpoint=\"\" data-menu-direction=\"right\" data-element-id=\"tb_6hwo304\" data-lazy=\"1\">\n        \n    <div class=\"module-menu-container tb_mega_menu\"><ul id=\"menu-mainmenu\" class=\"ui tf_clearfix nav tf_rel tf_scrollbar fullwidth pink rounded shadow\"><li  id=\"menu-item-1444\" class=\"menu-item-page-1427 menu-item menu-item-type-post_type menu-item-object-page menu-item-home menu-item-1444\"><a  href=\"https:\/\/augustine-bordeaux.fr\/\">Home<\/a> <\/li>\n<li  id=\"menu-item-1453\" class=\"menu-item-page-257 menu-item menu-item-type-post_type menu-item-object-page menu-item-1453\"><a  href=\"https:\/\/augustine-bordeaux.fr\/index.php\/lecole-augustine\/\">L\u2019\u00e9cole Augustine<\/a> <\/li>\n<li  id=\"menu-item-1449\" class=\"menu-item-page-434 menu-item menu-item-type-post_type menu-item-object-page menu-item-has-children has-sub-menu menu-item-1449\" aria-haspopup=\"true\"><a  href=\"https:\/\/augustine-bordeaux.fr\/index.php\/ateliers-anglais\/\" aria-haspopup=\"true\" aria-expanded=\"false\">Les ateliers d\u2019anglais<span class=\"child-arrow\"><\/span><\/a> <ul class=\"sub-menu\"><li  id=\"menu-item-1452\" class=\"menu-item-page-290 menu-item menu-item-type-post_type menu-item-object-page menu-item-1452 menu-page-290-parent-1449\"><a  href=\"https:\/\/augustine-bordeaux.fr\/index.php\/kids\/\">Kids<\/a> <\/li>\n<li  id=\"menu-item-1450\" class=\"menu-item-page-345 menu-item menu-item-type-post_type menu-item-object-page menu-item-1450 menu-page-345-parent-1449\"><a  href=\"https:\/\/augustine-bordeaux.fr\/index.php\/teens\/\">Teens<\/a> <\/li>\n<li  id=\"menu-item-1448\" class=\"menu-item-page-584 menu-item menu-item-type-post_type menu-item-object-page menu-item-1448 menu-page-584-parent-1449\"><a  href=\"https:\/\/augustine-bordeaux.fr\/index.php\/ateliers-a-domicile\/\">Mini-groupes \u00e0 domicile<\/a> <\/li>\n<li  id=\"menu-item-1451\" class=\"menu-item-page-336 menu-item menu-item-type-post_type menu-item-object-page menu-item-1451 menu-page-336-parent-1449\"><a  href=\"https:\/\/augustine-bordeaux.fr\/index.php\/adults\/\">Adults<\/a> <\/li>\n<\/ul><\/li>\n<li  id=\"menu-item-1446\" class=\"menu-item-page-622 menu-item menu-item-type-post_type menu-item-object-page menu-item-1446\"><a  href=\"https:\/\/augustine-bordeaux.fr\/index.php\/blog\/\">Le blog des parents<\/a> <\/li>\n<li  id=\"menu-item-1445\" class=\"menu-item-page-708 menu-item menu-item-type-post_type menu-item-object-page menu-item-1445\"><a  href=\"https:\/\/augustine-bordeaux.fr\/index.php\/learn-french-2\/\">Learn French<\/a> <\/li>\n<\/ul><\/div>        <style>\n            .mobile-menu-module[data-module=\"tb_6hwo304\"]{\n                right:-300px            }\n        <\/style>\n    <\/div>\n<!-- \/module menu -->\n<!-- module box -->\n<div  class=\"module module-box tb_kchm138 \" data-lazy=\"1\">\n    <div class=\"module-box-content ui  tb_default_color\">\n                <div class=\"tb_text_wrap\"><\/div>\n    <\/div>\n<\/div>\n<!-- \/module box -->\n        <\/div>\n                        <\/div>\n        <\/div>\n            <\/div>\n<!--\/themify_builder_content--><\/div>\n<\/div>\n<!-- \/module template_part -->        <\/div>\n                        <\/div>\n        <\/div>\n                        <div  data-lazy=\"1\" class=\"module_row themify_builder_row tb_naxn111 tf_w\">\n                        <div class=\"row_inner col_align_top tb_col_count_1 tf_box tf_rel\">\n                        <div  data-lazy=\"1\" class=\"module_column tb-column col-full tb_ha7a495 first\">\n                    <!-- module box -->\n<div  class=\"module module-box tb_xfeg005 \" data-lazy=\"1\">\n    <div class=\"module-box-content ui  tb_default_color\">\n                <div class=\"tb_text_wrap\"><p><span style=\"font-weight: 400;\">Afin d\u2019offrir un \u00e9veil \u00e0 l\u2019anglais de qualit\u00e9 et de la place pour s\u2019exprimer et participer, les ateliers se font sous forme de petits groupes de 8 enfants maximum. La m\u00e9thode d\u2019enseignement chez Augustine est inspir\u00e9e de la m\u00e9thode Montessori: il s\u2019agit d\u2019explorer un champ lexical de la mani\u00e8re la plus tangible possible, avec un maximum de manipulation, de visualisation, d\u2019exploration, et surtout de jeu! Pas de cahier ni de stylo, l\u2019objectif des ateliers d\u2019anglais est de s&rsquo;initier \u00e0 l\u2019anglais ou de le pratiquer de mani\u00e8re ludique et \u00e0 l\u2019ORAL.<\/span><\/p><\/div>\n    <\/div>\n<\/div>\n<!-- \/module box -->\n<!-- module box -->\n<div  class=\"module module-box tb_ysyv550 \" data-lazy=\"1\">\n    <div class=\"module-box-content ui  tb_default_color\">\n                <div class=\"tb_text_wrap\"><p><span style=\"font-weight: 400;\">Chaque th\u00e8me est explor\u00e9 pendant 2 semaines \u00e0 l\u2019aide de flashcards et d\u2019objets puis est r\u00e9activ\u00e9 \u00e0 la fin de chaque s\u00e9ance au cours de l\u2019ann\u00e9e. Un suivi p\u00e9dagogique, notamment \u00e0 destination des parents, sera assur\u00e9 par le biais du blog qui r\u00e9capitule les apprentissages et propose divers supports ludiques pour r\u00e9viser \u00e0 la maison avec plaisir. Les ateliers seront anim\u00e9s par Augustine ou par des enseignants anglophones, en immersion (100% en anglais) avec une orientation davantage am\u00e9ricaine que Bristish.<\/span><\/p><\/div>\n    <\/div>\n<\/div>\n<!-- \/module box -->\n<!-- module box -->\n<div  class=\"module module-box tb_yw1c323 \" data-lazy=\"1\">\n    <div class=\"module-box-content ui  tb_default_color\">\n                <div class=\"tb_text_wrap\"><p><span style=\"font-weight: 400;\">Les ateliers sont d\u2019une dur\u00e9e de 30 minutes pour les b\u00e9b\u00e9s et d&rsquo; une heure pour les \u00e9l\u00e8ves de maternelle et \u00e9l\u00e9mentaire.<\/span><\/p>\n<p><span style=\"font-weight: 400;\">Augustine propose en option la r\u00e9cup\u00e9ration des enfants \u00e0 l\u2019\u00e9cole Flornoy \u00e0 16h30 avec go\u00fbter inclus (homemade cookies, donuts, scones, et shortbreads au choix) et\/ou l\u2019option garde jusqu\u2019\u00e0 18h30 dans la play-room, autour de jeux en anglais.<\/span><\/p>\n<p>Tous les ateliers sont transposables en ligne en cas de n\u00e9cessit\u00e9.<\/p><\/div>\n    <\/div>\n<\/div>\n<!-- \/module box -->\n        <\/div>\n                        <\/div>\n        <\/div>\n                        <div  data-lazy=\"1\" class=\"module_row themify_builder_row tb_wf4g30 tf_w\">\n                        <div class=\"row_inner col_align_top tb_col_count_1 tf_box tf_rel\">\n                        <div  data-lazy=\"1\" class=\"module_column tb-column col-full tb_snfu30 first\">\n                    <!-- module image -->\n<div  class=\"module module-image tb_2ugm690 image-top   tf_mw\" data-lazy=\"1\">\n        <div class=\"image-wrap tf_rel tf_mw\">\n            <img loading=\"lazy\" decoding=\"async\" width=\"2000\" height=\"1414\" src=\"https:\/\/augustine-bordeaux.fr\/wp-content\/uploads\/2025\/05\/2-1.png\" class=\"wp-post-image wp-image-1829\" title=\"2\" alt=\"2\" srcset=\"https:\/\/augustine-bordeaux.fr\/wp-content\/uploads\/2025\/05\/2-1.png 2000w, https:\/\/augustine-bordeaux.fr\/wp-content\/uploads\/2025\/05\/2-1-300x212.png 300w, https:\/\/augustine-bordeaux.fr\/wp-content\/uploads\/2025\/05\/2-1-1024x724.png 1024w, https:\/\/augustine-bordeaux.fr\/wp-content\/uploads\/2025\/05\/2-1-768x543.png 768w, https:\/\/augustine-bordeaux.fr\/wp-content\/uploads\/2025\/05\/2-1-1536x1086.png 1536w, https:\/\/augustine-bordeaux.fr\/wp-content\/uploads\/2025\/05\/2-1-1568x1109.png 1568w\" sizes=\"(max-width: 2000px) 100vw, 2000px\" \/>    \n        <\/div>\n    <!-- \/image-wrap -->\n    \n        <\/div>\n<!-- \/module image -->        <\/div>\n                        <\/div>\n        <\/div>\n                        <div  data-lazy=\"1\" class=\"module_row themify_builder_row tb_5gx9425 tf_w\">\n                        <div class=\"row_inner col_align_top tb_col_count_1 tf_box tf_rel\">\n                        <div  data-lazy=\"1\" class=\"module_column tb-column col-full tb_efo3425 first\">\n                    <!-- module image -->\n<div  class=\"module module-image tb_1sjg425 image-top   tf_mw\" data-lazy=\"1\">\n        <div class=\"image-wrap tf_rel tf_mw\">\n            <img loading=\"lazy\" decoding=\"async\" width=\"2000\" height=\"1414\" src=\"https:\/\/augustine-bordeaux.fr\/wp-content\/uploads\/2025\/05\/3-1.png\" class=\"wp-post-image wp-image-1830\" title=\"3\" alt=\"3\" srcset=\"https:\/\/augustine-bordeaux.fr\/wp-content\/uploads\/2025\/05\/3-1.png 2000w, https:\/\/augustine-bordeaux.fr\/wp-content\/uploads\/2025\/05\/3-1-300x212.png 300w, https:\/\/augustine-bordeaux.fr\/wp-content\/uploads\/2025\/05\/3-1-1024x724.png 1024w, https:\/\/augustine-bordeaux.fr\/wp-content\/uploads\/2025\/05\/3-1-768x543.png 768w, https:\/\/augustine-bordeaux.fr\/wp-content\/uploads\/2025\/05\/3-1-1536x1086.png 1536w, https:\/\/augustine-bordeaux.fr\/wp-content\/uploads\/2025\/05\/3-1-1568x1109.png 1568w\" sizes=\"(max-width: 2000px) 100vw, 2000px\" \/>    \n        <\/div>\n    <!-- \/image-wrap -->\n    \n        <\/div>\n<!-- \/module image -->        <\/div>\n                        <\/div>\n        <\/div>\n                        <div  data-lazy=\"1\" class=\"module_row themify_builder_row tb_xe7k998 tf_w\">\n                        <div class=\"row_inner col_align_top tb_col_count_1 tf_box tf_rel\">\n                        <div  data-lazy=\"1\" class=\"module_column tb-column col-full tb_ri65998 first\">\n                    <!-- module image -->\n<div  class=\"module module-image tb_qzdk928 image-top   tf_mw\" data-lazy=\"1\">\n        <div class=\"image-wrap tf_rel tf_mw\">\n            <img loading=\"lazy\" decoding=\"async\" width=\"2000\" height=\"1414\" src=\"https:\/\/augustine-bordeaux.fr\/wp-content\/uploads\/2025\/05\/tarifs.png\" class=\"wp-post-image wp-image-1831\" title=\"tarifs\" alt=\"tarifs\" srcset=\"https:\/\/augustine-bordeaux.fr\/wp-content\/uploads\/2025\/05\/tarifs.png 2000w, https:\/\/augustine-bordeaux.fr\/wp-content\/uploads\/2025\/05\/tarifs-300x212.png 300w, https:\/\/augustine-bordeaux.fr\/wp-content\/uploads\/2025\/05\/tarifs-1024x724.png 1024w, https:\/\/augustine-bordeaux.fr\/wp-content\/uploads\/2025\/05\/tarifs-768x543.png 768w, https:\/\/augustine-bordeaux.fr\/wp-content\/uploads\/2025\/05\/tarifs-1536x1086.png 1536w, https:\/\/augustine-bordeaux.fr\/wp-content\/uploads\/2025\/05\/tarifs-1568x1109.png 1568w\" sizes=\"(max-width: 2000px) 100vw, 2000px\" \/>    \n        <\/div>\n    <!-- \/image-wrap -->\n    \n        <\/div>\n<!-- \/module image -->        <\/div>\n                        <\/div>\n        <\/div>\n        <\/div>\n<!--\/themify_builder_content-->","protected":false},"excerpt":{"rendered":"","protected":false},"author":1,"featured_media":0,"parent":0,"menu_order":0,"comment_status":"closed","ping_status":"closed","template":"","meta":{"footnotes":""},"builder_content":"<p>Afin d\u2019offrir un \u00e9veil \u00e0 l\u2019anglais de qualit\u00e9 et de la place pour s\u2019exprimer et participer, les ateliers se font sous forme de petits groupes de 8 enfants maximum. La m\u00e9thode d\u2019enseignement chez Augustine est inspir\u00e9e de la m\u00e9thode Montessori: il s\u2019agit d\u2019explorer un champ lexical de la mani\u00e8re la plus tangible possible, avec un maximum de manipulation, de visualisation, d\u2019exploration, et surtout de jeu! Pas de cahier ni de stylo, l\u2019objectif des ateliers d\u2019anglais est de s'initier \u00e0 l\u2019anglais ou de le pratiquer de mani\u00e8re ludique et \u00e0 l\u2019ORAL.<\/p>\n<p>Chaque th\u00e8me est explor\u00e9 pendant 2 semaines \u00e0 l\u2019aide de flashcards et d\u2019objets puis est r\u00e9activ\u00e9 \u00e0 la fin de chaque s\u00e9ance au cours de l\u2019ann\u00e9e. Un suivi p\u00e9dagogique, notamment \u00e0 destination des parents, sera assur\u00e9 par le biais du blog qui r\u00e9capitule les apprentissages et propose divers supports ludiques pour r\u00e9viser \u00e0 la maison avec plaisir. Les ateliers seront anim\u00e9s par Augustine ou par des enseignants anglophones, en immersion (100% en anglais) avec une orientation davantage am\u00e9ricaine que Bristish.<\/p>\n<p>Les ateliers sont d\u2019une dur\u00e9e de 30 minutes pour les b\u00e9b\u00e9s et d' une heure pour les \u00e9l\u00e8ves de maternelle et \u00e9l\u00e9mentaire.<\/p> <p>Augustine propose en option la r\u00e9cup\u00e9ration des enfants \u00e0 l\u2019\u00e9cole Flornoy \u00e0 16h30 avec go\u00fbter inclus (homemade cookies, donuts, scones, et shortbreads au choix) et\/ou l\u2019option garde jusqu\u2019\u00e0 18h30 dans la play-room, autour de jeux en anglais.<\/p> <p>Tous les ateliers sont transposables en ligne en cas de n\u00e9cessit\u00e9.<\/p>\n<img src=\"https:\/\/augustine-bordeaux.fr\/wp-content\/uploads\/2025\/05\/2-1.png\" title=\"2\" alt=\"2\" srcset=\"https:\/\/augustine-bordeaux.fr\/wp-content\/uploads\/2025\/05\/2-1.png 2000w, https:\/\/augustine-bordeaux.fr\/wp-content\/uploads\/2025\/05\/2-1-300x212.png 300w, https:\/\/augustine-bordeaux.fr\/wp-content\/uploads\/2025\/05\/2-1-1024x724.png 1024w, https:\/\/augustine-bordeaux.fr\/wp-content\/uploads\/2025\/05\/2-1-768x543.png 768w, https:\/\/augustine-bordeaux.fr\/wp-content\/uploads\/2025\/05\/2-1-1536x1086.png 1536w, https:\/\/augustine-bordeaux.fr\/wp-content\/uploads\/2025\/05\/2-1-1568x1109.png 1568w\" sizes=\"(max-width: 2000px) 100vw, 2000px\" \/>\n<img src=\"https:\/\/augustine-bordeaux.fr\/wp-content\/uploads\/2025\/05\/3-1.png\" title=\"3\" alt=\"3\" srcset=\"https:\/\/augustine-bordeaux.fr\/wp-content\/uploads\/2025\/05\/3-1.png 2000w, https:\/\/augustine-bordeaux.fr\/wp-content\/uploads\/2025\/05\/3-1-300x212.png 300w, https:\/\/augustine-bordeaux.fr\/wp-content\/uploads\/2025\/05\/3-1-1024x724.png 1024w, https:\/\/augustine-bordeaux.fr\/wp-content\/uploads\/2025\/05\/3-1-768x543.png 768w, https:\/\/augustine-bordeaux.fr\/wp-content\/uploads\/2025\/05\/3-1-1536x1086.png 1536w, https:\/\/augustine-bordeaux.fr\/wp-content\/uploads\/2025\/05\/3-1-1568x1109.png 1568w\" sizes=\"(max-width: 2000px) 100vw, 2000px\" \/>\n<img src=\"https:\/\/augustine-bordeaux.fr\/wp-content\/uploads\/2025\/05\/tarifs.png\" title=\"tarifs\" alt=\"tarifs\" srcset=\"https:\/\/augustine-bordeaux.fr\/wp-content\/uploads\/2025\/05\/tarifs.png 2000w, https:\/\/augustine-bordeaux.fr\/wp-content\/uploads\/2025\/05\/tarifs-300x212.png 300w, https:\/\/augustine-bordeaux.fr\/wp-content\/uploads\/2025\/05\/tarifs-1024x724.png 1024w, https:\/\/augustine-bordeaux.fr\/wp-content\/uploads\/2025\/05\/tarifs-768x543.png 768w, https:\/\/augustine-bordeaux.fr\/wp-content\/uploads\/2025\/05\/tarifs-1536x1086.png 1536w, https:\/\/augustine-bordeaux.fr\/wp-content\/uploads\/2025\/05\/tarifs-1568x1109.png 1568w\" sizes=\"(max-width: 2000px) 100vw, 2000px\" \/>","_links":{"self":[{"href":"https:\/\/augustine-bordeaux.fr\/index.php\/wp-json\/wp\/v2\/pages\/290"}],"collection":[{"href":"https:\/\/augustine-bordeaux.fr\/index.php\/wp-json\/wp\/v2\/pages"}],"about":[{"href":"https:\/\/augustine-bordeaux.fr\/index.php\/wp-json\/wp\/v2\/types\/page"}],"author":[{"embeddable":true,"href":"https:\/\/augustine-bordeaux.fr\/index.php\/wp-json\/wp\/v2\/users\/1"}],"replies":[{"embeddable":true,"href":"https:\/\/augustine-bordeaux.fr\/index.php\/wp-json\/wp\/v2\/comments?post=290"}],"version-history":[{"count":80,"href":"https:\/\/augustine-bordeaux.fr\/index.php\/wp-json\/wp\/v2\/pages\/290\/revisions"}],"predecessor-version":[{"id":1849,"href":"https:\/\/augustine-bordeaux.fr\/index.php\/wp-json\/wp\/v2\/pages\/290\/revisions\/1849"}],"wp:attachment":[{"href":"https:\/\/augustine-bordeaux.fr\/index.php\/wp-json\/wp\/v2\/media?parent=290"}],"curies":[{"name":"wp","href":"https:\/\/api.w.org\/{rel}","templated":true}]}}