{"id":336,"date":"2022-08-10T09:45:19","date_gmt":"2022-08-10T07:45:19","guid":{"rendered":"http:\/\/augustine-bordeaux.fr\/index.php\/teens-copy\/"},"modified":"2026-04-02T07:38:14","modified_gmt":"2026-04-02T05:38:14","slug":"adults","status":"publish","type":"page","link":"https:\/\/augustine-bordeaux.fr\/index.php\/adults\/","title":{"rendered":"Adults"},"content":{"rendered":"<!--themify_builder_content-->\n<div id=\"themify_builder_content-336\" data-postid=\"336\" class=\"themify_builder_content themify_builder_content-336 themify_builder tf_clear\">\n                    <div  data-lazy=\"1\" class=\"module_row themify_builder_row tb_wt38497 tb_first tf_w\">\n                        <div class=\"row_inner col_align_top tb_col_count_1 tf_box tf_rel\">\n                        <div  data-lazy=\"1\" class=\"module_column tb-column col-full tb_ds2z497 first\">\n                    <!-- module template_part -->\n<div  class=\"module module-layout-part tb_qs6n626 \">\n    <div class=\"tb_layout_part_wrap tf_w\"><!--themify_builder_content-->\n    <div  class=\"themify_builder_content themify_builder_content-1475 themify_builder not_editable_builder in_the_loop\" data-postid=\"1475\">\n                        <div  data-css_id=\"ikyv561\" data-lazy=\"1\" class=\"module_row themify_builder_row fullwidth_row_container tb_ikyv561 tf_w\">\n                        <div class=\"row_inner col_align_top tb_col_count_1 tf_box tf_rel\">\n                        <div  data-lazy=\"1\" class=\"module_column tb-column col-full tb_sq9n561 first\">\n                    <!-- module image -->\n<div  class=\"module module-image tb_zcdf464 image-top   tf_mw\" data-lazy=\"1\">\n        <div class=\"image-wrap tf_rel tf_mw\">\n            <img loading=\"lazy\" decoding=\"async\" width=\"2560\" height=\"1333\" src=\"https:\/\/augustine-bordeaux.fr\/wp-content\/uploads\/2022\/08\/Banniere_2880x1500-scaled.gif\" class=\"wp-post-image wp-image-201\" title=\"Banniere_2880x1500\" alt=\"Banniere_2880x1500\">    \n        <\/div>\n    <!-- \/image-wrap -->\n    \n        <\/div>\n<!-- \/module image -->        <\/div>\n                        <\/div>\n        <\/div>\n                        <div  data-lazy=\"1\" class=\"module_row themify_builder_row tb_7t2j327 tf_w\">\n                        <div class=\"row_inner col_align_top tb_col_count_1 tf_box tf_rel\">\n                        <div  data-lazy=\"1\" class=\"module_column tb-column col-full tb_u73p327 first\">\n                    <!-- module menu -->\n<div  class=\"module module-menu tb_6hwo304  mobile-menu-slide\" data-menu-style=\"mobile-menu-slide\" data-menu-breakpoint=\"\" data-menu-direction=\"right\" data-element-id=\"tb_6hwo304\" data-lazy=\"1\">\n        \n    <div class=\"module-menu-container tb_mega_menu\"><ul id=\"menu-mainmenu\" class=\"ui tf_clearfix nav tf_rel tf_scrollbar fullwidth pink rounded shadow\"><li  id=\"menu-item-1444\" class=\"menu-item-page-1427 menu-item menu-item-type-post_type menu-item-object-page menu-item-home menu-item-1444\"><a  href=\"https:\/\/augustine-bordeaux.fr\/\">Home<\/a> <\/li>\n<li  id=\"menu-item-1453\" class=\"menu-item-page-257 menu-item menu-item-type-post_type menu-item-object-page menu-item-1453\"><a  href=\"https:\/\/augustine-bordeaux.fr\/index.php\/lecole-augustine\/\">L\u2019\u00e9cole Augustine<\/a> <\/li>\n<li  id=\"menu-item-1449\" class=\"menu-item-page-434 menu-item menu-item-type-post_type menu-item-object-page menu-item-has-children has-sub-menu menu-item-1449\" aria-haspopup=\"true\"><a  href=\"https:\/\/augustine-bordeaux.fr\/index.php\/ateliers-anglais\/\" aria-haspopup=\"true\" aria-expanded=\"false\">Les ateliers d\u2019anglais<span class=\"child-arrow\"><\/span><\/a> <ul class=\"sub-menu\"><li  id=\"menu-item-1452\" class=\"menu-item-page-290 menu-item menu-item-type-post_type menu-item-object-page menu-item-1452 menu-page-290-parent-1449\"><a  href=\"https:\/\/augustine-bordeaux.fr\/index.php\/kids\/\">Kids<\/a> <\/li>\n<li  id=\"menu-item-1450\" class=\"menu-item-page-345 menu-item menu-item-type-post_type menu-item-object-page menu-item-1450 menu-page-345-parent-1449\"><a  href=\"https:\/\/augustine-bordeaux.fr\/index.php\/teens\/\">Teens<\/a> <\/li>\n<li  id=\"menu-item-1448\" class=\"menu-item-page-584 menu-item menu-item-type-post_type menu-item-object-page menu-item-1448 menu-page-584-parent-1449\"><a  href=\"https:\/\/augustine-bordeaux.fr\/index.php\/ateliers-a-domicile\/\">Mini-groupes \u00e0 domicile<\/a> <\/li>\n<li  id=\"menu-item-1451\" class=\"menu-item-page-336 menu-item menu-item-type-post_type menu-item-object-page menu-item-1451 menu-page-336-parent-1449\"><a  href=\"https:\/\/augustine-bordeaux.fr\/index.php\/adults\/\">Adults<\/a> <\/li>\n<\/ul><\/li>\n<li  id=\"menu-item-1446\" class=\"menu-item-page-622 menu-item menu-item-type-post_type menu-item-object-page menu-item-1446\"><a  href=\"https:\/\/augustine-bordeaux.fr\/index.php\/blog\/\">Le blog des parents<\/a> <\/li>\n<li  id=\"menu-item-1445\" class=\"menu-item-page-708 menu-item menu-item-type-post_type menu-item-object-page menu-item-1445\"><a  href=\"https:\/\/augustine-bordeaux.fr\/index.php\/learn-french-2\/\">Learn French<\/a> <\/li>\n<\/ul><\/div>        <style>\n            .mobile-menu-module[data-module=\"tb_6hwo304\"]{\n                right:-300px            }\n        <\/style>\n    <\/div>\n<!-- \/module menu -->\n<!-- module box -->\n<div  class=\"module module-box tb_kchm138 \" data-lazy=\"1\">\n    <div class=\"module-box-content ui  tb_default_color\">\n                <div class=\"tb_text_wrap\"><\/div>\n    <\/div>\n<\/div>\n<!-- \/module box -->\n        <\/div>\n                        <\/div>\n        <\/div>\n            <\/div>\n<!--\/themify_builder_content--><\/div>\n<\/div>\n<!-- \/module template_part -->        <\/div>\n                        <\/div>\n        <\/div>\n                        <div  data-lazy=\"1\" class=\"module_row themify_builder_row tb_ks5c224 tf_w\">\n                        <div class=\"row_inner col_align_top tb_col_count_1 tf_box tf_rel\">\n                        <div  data-lazy=\"1\" class=\"module_column tb-column col-full tb_gvsu020 first\">\n                    <!-- module box -->\n<div  class=\"module module-box tb_ruz8222 \" data-lazy=\"1\">\n    <div class=\"module-box-content ui  tb_default_color\">\n                <div class=\"tb_text_wrap\"><p><span style=\"font-weight: 400;\">Afin de r\u00e9pondre aux besoins sp\u00e9cifiques des apprenants, Augustine propose des cours sur mesure. Cours particulier, cours de conversation th\u00e9matique en petit groupe (max 6 pers), cours intensif autour des 4 comp\u00e9tences: compr\u00e9hension et production \u00e9crite, compr\u00e9hension et production orale + grammaire, pr\u00e9paration aux examens, anglais professionnel,&#8230;<\/span><\/p><\/div>\n    <\/div>\n<\/div>\n<!-- \/module box -->\n<!-- module box -->\n<div  class=\"module module-box tb_e8fx021 \" data-lazy=\"1\">\n    <div class=\"module-box-content ui  tb_default_color\">\n                <div class=\"tb_text_wrap\"><p><span style=\"font-weight: 400;\">Les ateliers seront anim\u00e9s par des enseignants anglophones, en immersion (100% en anglais) avec une orientation davantage am\u00e9ricaine que Bristish. Les documents d\u00e9clencheurs (articles, vid\u00e9os, photo, etc) sont contemporains, adapt\u00e9s au profil et objectifs des apprenants et r\u00e9guli\u00e8rement r\u00e9actualis\u00e9s. Les ateliers se d\u00e9roulent selon le calendrier scolaire, avec un d\u00e9but des cours mi-septembre (33 semaines de septembre \u00e0 juin).<\/span><\/p>\n<p>\u00a0<\/p>\n<p><span style=\"font-weight: 400;\">Tous les ateliers sont transposables en ligne en cas de n\u00e9cessit\u00e9.<\/span><\/p><\/div>\n    <\/div>\n<\/div>\n<!-- \/module box -->\n        <div  data-lazy=\"1\" class=\"module_subrow themify_builder_sub_row tf_w col_align_top tb_col_count_1 tb_cfei285\">\n                <div  data-lazy=\"1\" class=\"module_column sub_column col-full tb_bgpc285 first\">\n                    <!-- module image -->\n<div  class=\"module module-image tb_bxnm637 image-top   tf_mw\" data-lazy=\"1\">\n        <div class=\"image-wrap tf_rel tf_mw\">\n            <img loading=\"lazy\" decoding=\"async\" width=\"2000\" height=\"1414\" src=\"https:\/\/augustine-bordeaux.fr\/wp-content\/uploads\/2025\/08\/Planning-anglais-adulte.png\" class=\"wp-post-image wp-image-1873\" title=\"Planning anglais adulte\" alt=\"Planning anglais adulte\" srcset=\"https:\/\/augustine-bordeaux.fr\/wp-content\/uploads\/2025\/08\/Planning-anglais-adulte.png 2000w, https:\/\/augustine-bordeaux.fr\/wp-content\/uploads\/2025\/08\/Planning-anglais-adulte-300x212.png 300w, https:\/\/augustine-bordeaux.fr\/wp-content\/uploads\/2025\/08\/Planning-anglais-adulte-1024x724.png 1024w, https:\/\/augustine-bordeaux.fr\/wp-content\/uploads\/2025\/08\/Planning-anglais-adulte-768x543.png 768w, https:\/\/augustine-bordeaux.fr\/wp-content\/uploads\/2025\/08\/Planning-anglais-adulte-1536x1086.png 1536w, https:\/\/augustine-bordeaux.fr\/wp-content\/uploads\/2025\/08\/Planning-anglais-adulte-1568x1109.png 1568w\" sizes=\"(max-width: 2000px) 100vw, 2000px\" \/>    \n        <\/div>\n    <!-- \/image-wrap -->\n    \n        <\/div>\n<!-- \/module image -->        <\/div>\n                    <\/div>\n        <!-- module text -->\n<div  class=\"module module-text tb_npx7371   \" data-lazy=\"1\">\n        <div  class=\"tb_text_wrap\">\n        <h2 style=\"text-align: center;\">Descriptifs de Formation<\/h2>    <\/div>\n<\/div>\n<!-- \/module text -->        <div  data-lazy=\"1\" class=\"module_subrow themify_builder_sub_row tf_w col_align_top tb_col_count_3 tb_ytmv697\">\n                <div  data-lazy=\"1\" class=\"module_column sub_column col3-1 tb_krt9697 first\">\n                    <!-- module text -->\n<div  class=\"module module-text tb_qhqx201   \" data-lazy=\"1\">\n        <div  class=\"tb_text_wrap\">\n        <p style=\"text-align: center;\"><a href=\"https:\/\/augustine-bordeaux.fr\/wp-content\/uploads\/2026\/04\/Descriptif-Formation-Adultes-Anglais-General-v3.pdf\">Anglais G\u00e9n\u00e9ral<\/a><\/p>    <\/div>\n<\/div>\n<!-- \/module text -->        <\/div>\n                    <div  data-lazy=\"1\" class=\"module_column sub_column col3-1 tb_tmke697\">\n                    <!-- module text -->\n<div  class=\"module module-text tb_u9rs925   \" data-lazy=\"1\">\n        <div  class=\"tb_text_wrap\">\n        <p><a href=\"http:\/\/augustine-bordeaux.fr\/wp-content\/uploads\/2024\/06\/Descriptif-Formation-Adultes-Anglais-Atelier-de-Conversation-v2.pdf\">Atelier de Conversation<\/a><\/p>    <\/div>\n<\/div>\n<!-- \/module text -->        <\/div>\n                    <div  data-lazy=\"1\" class=\"module_column sub_column col3-1 tb_tbhz697 last\">\n                    <!-- module text -->\n<div  class=\"module module-text tb_nahy646   \" data-lazy=\"1\">\n        <div  class=\"tb_text_wrap\">\n        <p><a href=\"http:\/\/augustine-bordeaux.fr\/wp-content\/uploads\/2024\/06\/Descriptif-Formation-Adultes-Anglais-Cours-en-Entreprise-v2.pdf\">Cours en Entreprise<\/a><\/p>    <\/div>\n<\/div>\n<!-- \/module text -->        <\/div>\n                    <\/div>\n                <\/div>\n                        <\/div>\n        <\/div>\n                        <div  data-lazy=\"1\" class=\"module_row themify_builder_row tb_0omg493 tf_w\">\n                        <div class=\"row_inner col_align_top tb_col_count_1 tf_box tf_rel\">\n                        <div  data-lazy=\"1\" class=\"module_column tb-column col-full tb_i9qo493 first\">\n                    <!-- module gallery -->\n<div  class=\"module gallery module-gallery tb_vdd8899 layout-grid  \" data-lazy=\"1\">\n    <div class=\"module-gallery-grid\" style=\"--gald:3;--galt:3;--galm:3\">\n            <dl class=\"gallery-item\">\n            <dt class=\"gallery-icon\">\n            <img loading=\"lazy\" decoding=\"async\" src=\"https:\/\/augustine-bordeaux.fr\/wp-content\/uploads\/2025\/08\/TA2-300x300.png\" width=\"300\" height=\"300\" class=\"wp-post-image wp-image-1883\" title=\"TA2\" alt=\"TA2\" srcset=\"https:\/\/augustine-bordeaux.fr\/wp-content\/uploads\/2025\/08\/TA2-300x300.png 300w, https:\/\/augustine-bordeaux.fr\/wp-content\/uploads\/2025\/08\/TA2-150x150.png 150w, https:\/\/augustine-bordeaux.fr\/wp-content\/uploads\/2025\/08\/TA2.png 301w\" sizes=\"(max-width: 300px) 100vw, 300px\" \/>            <\/dt>\n                    <\/dl>\n            <dl class=\"gallery-item\">\n            <dt class=\"gallery-icon\">\n            <img loading=\"lazy\" decoding=\"async\" src=\"https:\/\/augustine-bordeaux.fr\/wp-content\/uploads\/2025\/08\/TA3-300x300.png\" width=\"300\" height=\"300\" class=\"wp-post-image wp-image-1884\" title=\"TA3\" alt=\"TA3\" srcset=\"https:\/\/augustine-bordeaux.fr\/wp-content\/uploads\/2025\/08\/TA3-300x300.png 300w, https:\/\/augustine-bordeaux.fr\/wp-content\/uploads\/2025\/08\/TA3-150x150.png 150w, https:\/\/augustine-bordeaux.fr\/wp-content\/uploads\/2025\/08\/TA3.png 301w\" sizes=\"(max-width: 300px) 100vw, 300px\" \/>            <\/dt>\n                    <\/dl>\n            <dl class=\"gallery-item\">\n            <dt class=\"gallery-icon\">\n            <img loading=\"lazy\" decoding=\"async\" src=\"https:\/\/augustine-bordeaux.fr\/wp-content\/uploads\/2025\/08\/TA4-300x300.png\" width=\"300\" height=\"300\" class=\"wp-post-image wp-image-1885\" title=\"TA4\" alt=\"TA4\" srcset=\"https:\/\/augustine-bordeaux.fr\/wp-content\/uploads\/2025\/08\/TA4-300x300.png 300w, https:\/\/augustine-bordeaux.fr\/wp-content\/uploads\/2025\/08\/TA4-150x150.png 150w, https:\/\/augustine-bordeaux.fr\/wp-content\/uploads\/2025\/08\/TA4.png 301w\" sizes=\"(max-width: 300px) 100vw, 300px\" \/>            <\/dt>\n                    <\/dl>\n    <\/div>\n<\/div>\n<!-- \/module gallery -->        <div  data-lazy=\"1\" class=\"module_subrow themify_builder_sub_row tf_w col_align_top tb_col_count_1 tb_yob5308\">\n                <div  data-lazy=\"1\" class=\"module_column sub_column col-full tb_5xgg308 first\">\n                    <!-- module text -->\n<div  class=\"module module-text tb_uyq1247   \" data-lazy=\"1\">\n        <div  class=\"tb_text_wrap\">\n        <p><span style=\"color: #000080;\">-15% sur pr\u00e9sentation de la carte jeune (-26 ans).<\/span><\/p>    <\/div>\n<\/div>\n<!-- \/module text -->        <\/div>\n                    <\/div>\n                <\/div>\n                        <\/div>\n        <\/div>\n                        <div  data-lazy=\"1\" class=\"module_row themify_builder_row tb_jq4z200 tf_w\">\n                        <div class=\"row_inner col_align_top tb_col_count_1 tf_box tf_rel\">\n                        <div  data-lazy=\"1\" class=\"module_column tb-column col-full tb_wl3k070 first\">\n                    <!-- module template_part -->\n<div  class=\"module module-layout-part tb_jehe963 \">\n    <\/div>\n<!-- \/module template_part -->        <\/div>\n                        <\/div>\n        <\/div>\n                        <div  data-lazy=\"1\" class=\"module_row themify_builder_row tb_fklk848 tf_w\">\n                        <div class=\"row_inner col_align_top tb_col_count_1 tf_box tf_rel\">\n                        <div  data-lazy=\"1\" class=\"module_column tb-column col-full tb_chh2848 first\">\n                            <\/div>\n                        <\/div>\n        <\/div>\n        <\/div>\n<!--\/themify_builder_content-->","protected":false},"excerpt":{"rendered":"<p>Descriptifs de Formation<\/p>\n","protected":false},"author":1,"featured_media":0,"parent":0,"menu_order":0,"comment_status":"closed","ping_status":"closed","template":"","meta":{"footnotes":""},"builder_content":"<p>Afin de r\u00e9pondre aux besoins sp\u00e9cifiques des apprenants, Augustine propose des cours sur mesure. Cours particulier, cours de conversation th\u00e9matique en petit groupe (max 6 pers), cours intensif autour des 4 comp\u00e9tences: compr\u00e9hension et production \u00e9crite, compr\u00e9hension et production orale + grammaire, pr\u00e9paration aux examens, anglais professionnel,...<\/p>\n<p>Les ateliers seront anim\u00e9s par des enseignants anglophones, en immersion (100% en anglais) avec une orientation davantage am\u00e9ricaine que Bristish. Les documents d\u00e9clencheurs (articles, vid\u00e9os, photo, etc) sont contemporains, adapt\u00e9s au profil et objectifs des apprenants et r\u00e9guli\u00e8rement r\u00e9actualis\u00e9s. Les ateliers se d\u00e9roulent selon le calendrier scolaire, avec un d\u00e9but des cours mi-septembre (33 semaines de septembre \u00e0 juin).<\/p> <p>\u00a0<\/p> <p>Tous les ateliers sont transposables en ligne en cas de n\u00e9cessit\u00e9.<\/p>\n<img src=\"https:\/\/augustine-bordeaux.fr\/wp-content\/uploads\/2025\/08\/Planning-anglais-adulte.png\" title=\"Planning anglais adulte\" alt=\"Planning anglais adulte\" srcset=\"https:\/\/augustine-bordeaux.fr\/wp-content\/uploads\/2025\/08\/Planning-anglais-adulte.png 2000w, https:\/\/augustine-bordeaux.fr\/wp-content\/uploads\/2025\/08\/Planning-anglais-adulte-300x212.png 300w, https:\/\/augustine-bordeaux.fr\/wp-content\/uploads\/2025\/08\/Planning-anglais-adulte-1024x724.png 1024w, https:\/\/augustine-bordeaux.fr\/wp-content\/uploads\/2025\/08\/Planning-anglais-adulte-768x543.png 768w, https:\/\/augustine-bordeaux.fr\/wp-content\/uploads\/2025\/08\/Planning-anglais-adulte-1536x1086.png 1536w, https:\/\/augustine-bordeaux.fr\/wp-content\/uploads\/2025\/08\/Planning-anglais-adulte-1568x1109.png 1568w\" sizes=\"(max-width: 2000px) 100vw, 2000px\" \/>\n<h2 style=\"text-align: center;\">Descriptifs de Formation<\/h2>\n<p style=\"text-align: center;\"><a href=\"https:\/\/augustine-bordeaux.fr\/wp-content\/uploads\/2026\/04\/Descriptif-Formation-Adultes-Anglais-General-v3.pdf\">Anglais G\u00e9n\u00e9ral<\/a><\/p>\n<p><a href=\"http:\/\/augustine-bordeaux.fr\/wp-content\/uploads\/2024\/06\/Descriptif-Formation-Adultes-Anglais-Atelier-de-Conversation-v2.pdf\">Atelier de Conversation<\/a><\/p>\n<p><a href=\"http:\/\/augustine-bordeaux.fr\/wp-content\/uploads\/2024\/06\/Descriptif-Formation-Adultes-Anglais-Cours-en-Entreprise-v2.pdf\">Cours en Entreprise<\/a><\/p>\n[gallery ids=\"1883,1884,1885\"]\n<p>-15% sur pr\u00e9sentation de la carte jeune (-26 ans).<\/p>","_links":{"self":[{"href":"https:\/\/augustine-bordeaux.fr\/index.php\/wp-json\/wp\/v2\/pages\/336"}],"collection":[{"href":"https:\/\/augustine-bordeaux.fr\/index.php\/wp-json\/wp\/v2\/pages"}],"about":[{"href":"https:\/\/augustine-bordeaux.fr\/index.php\/wp-json\/wp\/v2\/types\/page"}],"author":[{"embeddable":true,"href":"https:\/\/augustine-bordeaux.fr\/index.php\/wp-json\/wp\/v2\/users\/1"}],"replies":[{"embeddable":true,"href":"https:\/\/augustine-bordeaux.fr\/index.php\/wp-json\/wp\/v2\/comments?post=336"}],"version-history":[{"count":96,"href":"https:\/\/augustine-bordeaux.fr\/index.php\/wp-json\/wp\/v2\/pages\/336\/revisions"}],"predecessor-version":[{"id":1949,"href":"https:\/\/augustine-bordeaux.fr\/index.php\/wp-json\/wp\/v2\/pages\/336\/revisions\/1949"}],"wp:attachment":[{"href":"https:\/\/augustine-bordeaux.fr\/index.php\/wp-json\/wp\/v2\/media?parent=336"}],"curies":[{"name":"wp","href":"https:\/\/api.w.org\/{rel}","templated":true}]}}