{"id":345,"date":"2022-08-10T09:50:06","date_gmt":"2022-08-10T07:50:06","guid":{"rendered":"http:\/\/augustine-bordeaux.fr\/index.php\/adults-copy\/"},"modified":"2025-05-21T07:54:56","modified_gmt":"2025-05-21T05:54:56","slug":"teens","status":"publish","type":"page","link":"https:\/\/augustine-bordeaux.fr\/index.php\/teens\/","title":{"rendered":"Teens"},"content":{"rendered":"<!--themify_builder_content-->\n<div id=\"themify_builder_content-345\" data-postid=\"345\" class=\"themify_builder_content themify_builder_content-345 themify_builder tf_clear\">\n                    <div  data-lazy=\"1\" class=\"module_row themify_builder_row tb_kibv680 tb_first tf_w\">\n                        <div class=\"row_inner col_align_top tb_col_count_1 tf_box tf_rel\">\n                        <div  data-lazy=\"1\" class=\"module_column tb-column col-full tb_vi4d680 first\">\n                    <!-- module template_part -->\n<div  class=\"module module-layout-part tb_43uj699 \">\n    <div class=\"tb_layout_part_wrap tf_w\"><!--themify_builder_content-->\n    <div  class=\"themify_builder_content themify_builder_content-1475 themify_builder not_editable_builder in_the_loop\" data-postid=\"1475\">\n                        <div  data-css_id=\"ikyv561\" data-lazy=\"1\" class=\"module_row themify_builder_row fullwidth_row_container tb_ikyv561 tf_w\">\n                        <div class=\"row_inner col_align_top tb_col_count_1 tf_box tf_rel\">\n                        <div  data-lazy=\"1\" class=\"module_column tb-column col-full tb_sq9n561 first\">\n                    <!-- module image -->\n<div  class=\"module module-image tb_zcdf464 image-top   tf_mw\" data-lazy=\"1\">\n        <div class=\"image-wrap tf_rel tf_mw\">\n            <img loading=\"lazy\" decoding=\"async\" width=\"2560\" height=\"1333\" src=\"https:\/\/augustine-bordeaux.fr\/wp-content\/uploads\/2022\/08\/Banniere_2880x1500-scaled.gif\" class=\"wp-post-image wp-image-201\" title=\"Banniere_2880x1500\" alt=\"Banniere_2880x1500\">    \n        <\/div>\n    <!-- \/image-wrap -->\n    \n        <\/div>\n<!-- \/module image -->        <\/div>\n                        <\/div>\n        <\/div>\n                        <div  data-lazy=\"1\" class=\"module_row themify_builder_row tb_7t2j327 tf_w\">\n                        <div class=\"row_inner col_align_top tb_col_count_1 tf_box tf_rel\">\n                        <div  data-lazy=\"1\" class=\"module_column tb-column col-full tb_u73p327 first\">\n                    <!-- module menu -->\n<div  class=\"module module-menu tb_6hwo304  mobile-menu-slide\" data-menu-style=\"mobile-menu-slide\" data-menu-breakpoint=\"\" data-menu-direction=\"right\" data-element-id=\"tb_6hwo304\" data-lazy=\"1\">\n        \n    <div class=\"module-menu-container tb_mega_menu\"><ul id=\"menu-mainmenu\" class=\"ui tf_clearfix nav tf_rel tf_scrollbar fullwidth pink rounded shadow\"><li  id=\"menu-item-1444\" class=\"menu-item-page-1427 menu-item menu-item-type-post_type menu-item-object-page menu-item-home menu-item-1444\"><a  href=\"https:\/\/augustine-bordeaux.fr\/\">Home<\/a> <\/li>\n<li  id=\"menu-item-1453\" class=\"menu-item-page-257 menu-item menu-item-type-post_type menu-item-object-page menu-item-1453\"><a  href=\"https:\/\/augustine-bordeaux.fr\/index.php\/lecole-augustine\/\">L\u2019\u00e9cole Augustine<\/a> <\/li>\n<li  id=\"menu-item-1449\" class=\"menu-item-page-434 menu-item menu-item-type-post_type menu-item-object-page menu-item-has-children has-sub-menu menu-item-1449\" aria-haspopup=\"true\"><a  href=\"https:\/\/augustine-bordeaux.fr\/index.php\/ateliers-anglais\/\" aria-haspopup=\"true\" aria-expanded=\"false\">Les ateliers d\u2019anglais<span class=\"child-arrow\"><\/span><\/a> <ul class=\"sub-menu\"><li  id=\"menu-item-1452\" class=\"menu-item-page-290 menu-item menu-item-type-post_type menu-item-object-page menu-item-1452 menu-page-290-parent-1449\"><a  href=\"https:\/\/augustine-bordeaux.fr\/index.php\/kids\/\">Kids<\/a> <\/li>\n<li  id=\"menu-item-1450\" class=\"menu-item-page-345 menu-item menu-item-type-post_type menu-item-object-page menu-item-1450 menu-page-345-parent-1449\"><a  href=\"https:\/\/augustine-bordeaux.fr\/index.php\/teens\/\">Teens<\/a> <\/li>\n<li  id=\"menu-item-1448\" class=\"menu-item-page-584 menu-item menu-item-type-post_type menu-item-object-page menu-item-1448 menu-page-584-parent-1449\"><a  href=\"https:\/\/augustine-bordeaux.fr\/index.php\/ateliers-a-domicile\/\">Mini-groupes \u00e0 domicile<\/a> <\/li>\n<li  id=\"menu-item-1451\" class=\"menu-item-page-336 menu-item menu-item-type-post_type menu-item-object-page menu-item-1451 menu-page-336-parent-1449\"><a  href=\"https:\/\/augustine-bordeaux.fr\/index.php\/adults\/\">Adults<\/a> <\/li>\n<\/ul><\/li>\n<li  id=\"menu-item-1446\" class=\"menu-item-page-622 menu-item menu-item-type-post_type menu-item-object-page menu-item-1446\"><a  href=\"https:\/\/augustine-bordeaux.fr\/index.php\/blog\/\">Le blog des parents<\/a> <\/li>\n<li  id=\"menu-item-1445\" class=\"menu-item-page-708 menu-item menu-item-type-post_type menu-item-object-page menu-item-1445\"><a  href=\"https:\/\/augustine-bordeaux.fr\/index.php\/learn-french-2\/\">Learn French<\/a> <\/li>\n<\/ul><\/div>        <style>\n            .mobile-menu-module[data-module=\"tb_6hwo304\"]{\n                right:-300px            }\n        <\/style>\n    <\/div>\n<!-- \/module menu -->\n<!-- module box -->\n<div  class=\"module module-box tb_kchm138 \" data-lazy=\"1\">\n    <div class=\"module-box-content ui  tb_default_color\">\n                <div class=\"tb_text_wrap\"><\/div>\n    <\/div>\n<\/div>\n<!-- \/module box -->\n        <\/div>\n                        <\/div>\n        <\/div>\n            <\/div>\n<!--\/themify_builder_content--><\/div>\n<\/div>\n<!-- \/module template_part -->        <\/div>\n                        <\/div>\n        <\/div>\n                        <div  data-lazy=\"1\" class=\"module_row themify_builder_row tb_vy78113 tf_w\">\n                        <div class=\"row_inner col_align_top tb_col_count_1 tf_box tf_rel\">\n                        <div  data-lazy=\"1\" class=\"module_column tb-column col-full tb_0vk1006 first\">\n                    <!-- module box -->\n<div  class=\"module module-box tb_6jq8502 \" data-lazy=\"1\">\n    <div class=\"module-box-content ui  tb_default_color\">\n                <div class=\"tb_text_wrap\"><p><span style=\"font-weight: 400;\">Bye bye les chansons et les explorations dans la table Montessori, les ateliers d\u2019anglais pour les \u201cteens\u201d s\u2019adaptent aux adolescents: jeux de soci\u00e9t\u00e9, jeux de r\u00f4les, quizz,\u00a0 tout est pr\u00e9texte \u00e0 la pratique de l\u2019oral de mani\u00e8re ludique. Les ateliers suivent une progression au cours de l\u2019ann\u00e9e \u00e9quivalente \u00e0 la pr\u00e9paration aux examens de Cambridge, dont le passage est bien s\u00fbr optionnel.<\/span><\/p><\/div>\n    <\/div>\n<\/div>\n<!-- \/module box -->\n<!-- module box -->\n<div  class=\"module module-box tb_iqz7600 \" data-lazy=\"1\">\n    <div class=\"module-box-content ui  tb_default_color\">\n                <div class=\"tb_text_wrap\"><p><span style=\"font-weight: 400;\">Un suivi p\u00e9dagogique, notamment \u00e0 destination des parents, sera assur\u00e9 par le biais du blog qui r\u00e9capitule les apprentissages et proposera divers supports ludiques pour r\u00e9viser \u00e0 la maison avec plaisir. Les ateliers seront anim\u00e9s par Augustine ou par des enseignants anglophones, en immersion (100% en anglais) avec une orientation davantage am\u00e9ricaine que Bristish.<\/span><\/p>\n<p><span style=\"font-weight: 400;\">Tous les ateliers sont transposables en ligne en cas de n\u00e9cessit\u00e9.<\/span><\/p><\/div>\n    <\/div>\n<\/div>\n<!-- \/module box -->\n        <\/div>\n                        <\/div>\n        <\/div>\n                        <div  data-lazy=\"1\" class=\"module_row themify_builder_row tb_14ot389 tf_w\">\n                        <div class=\"row_inner col_align_top tb_col_count_1 tf_box tf_rel\">\n                        <div  data-lazy=\"1\" class=\"module_column tb-column col-full tb_pgwj389 first\">\n                    <!-- module image -->\n<div  class=\"module module-image tb_qhr5589 image-top   tf_mw\" data-lazy=\"1\">\n        <div class=\"image-wrap tf_rel tf_mw\">\n            <img loading=\"lazy\" decoding=\"async\" width=\"2000\" height=\"1414\" src=\"https:\/\/augustine-bordeaux.fr\/wp-content\/uploads\/2025\/05\/2-1.png\" class=\"wp-post-image wp-image-1829\" title=\"2\" alt=\"2\" srcset=\"https:\/\/augustine-bordeaux.fr\/wp-content\/uploads\/2025\/05\/2-1.png 2000w, https:\/\/augustine-bordeaux.fr\/wp-content\/uploads\/2025\/05\/2-1-300x212.png 300w, https:\/\/augustine-bordeaux.fr\/wp-content\/uploads\/2025\/05\/2-1-1024x724.png 1024w, https:\/\/augustine-bordeaux.fr\/wp-content\/uploads\/2025\/05\/2-1-768x543.png 768w, https:\/\/augustine-bordeaux.fr\/wp-content\/uploads\/2025\/05\/2-1-1536x1086.png 1536w, https:\/\/augustine-bordeaux.fr\/wp-content\/uploads\/2025\/05\/2-1-1568x1109.png 1568w\" sizes=\"(max-width: 2000px) 100vw, 2000px\" \/>    \n        <\/div>\n    <!-- \/image-wrap -->\n    \n        <\/div>\n<!-- \/module image -->        <\/div>\n                        <\/div>\n        <\/div>\n                        <div  data-lazy=\"1\" class=\"module_row themify_builder_row tb_ajfl820 tf_w\">\n                        <div class=\"row_inner col_align_top tb_col_count_1 tf_box tf_rel\">\n                        <div  data-lazy=\"1\" class=\"module_column tb-column col-full tb_1m84820 first\">\n                    <!-- module image -->\n<div  class=\"module module-image tb_gb17696 image-top   tf_mw\" data-lazy=\"1\">\n        <div class=\"image-wrap tf_rel tf_mw\">\n            <img loading=\"lazy\" decoding=\"async\" width=\"2000\" height=\"1414\" src=\"https:\/\/augustine-bordeaux.fr\/wp-content\/uploads\/2025\/05\/3-1.png\" class=\"wp-post-image wp-image-1830\" title=\"3\" alt=\"3\" srcset=\"https:\/\/augustine-bordeaux.fr\/wp-content\/uploads\/2025\/05\/3-1.png 2000w, https:\/\/augustine-bordeaux.fr\/wp-content\/uploads\/2025\/05\/3-1-300x212.png 300w, https:\/\/augustine-bordeaux.fr\/wp-content\/uploads\/2025\/05\/3-1-1024x724.png 1024w, https:\/\/augustine-bordeaux.fr\/wp-content\/uploads\/2025\/05\/3-1-768x543.png 768w, https:\/\/augustine-bordeaux.fr\/wp-content\/uploads\/2025\/05\/3-1-1536x1086.png 1536w, https:\/\/augustine-bordeaux.fr\/wp-content\/uploads\/2025\/05\/3-1-1568x1109.png 1568w\" sizes=\"(max-width: 2000px) 100vw, 2000px\" \/>    \n        <\/div>\n    <!-- \/image-wrap -->\n    \n        <\/div>\n<!-- \/module image -->        <\/div>\n                        <\/div>\n        <\/div>\n                        <div  data-lazy=\"1\" class=\"module_row themify_builder_row tb_zsen194 tf_w\">\n                        <div class=\"row_inner col_align_top tb_col_count_1 tf_box tf_rel\">\n                        <div  data-lazy=\"1\" class=\"module_column tb-column col-full tb_nhcr194 first\">\n                    <!-- module image -->\n<div  class=\"module module-image tb_z6sy948 image-top   tf_mw\" data-lazy=\"1\">\n        <div class=\"image-wrap tf_rel tf_mw\">\n            <img loading=\"lazy\" decoding=\"async\" width=\"2000\" height=\"1414\" src=\"https:\/\/augustine-bordeaux.fr\/wp-content\/uploads\/2025\/05\/tarifs.png\" class=\"wp-post-image wp-image-1831\" title=\"tarifs\" alt=\"tarifs\" srcset=\"https:\/\/augustine-bordeaux.fr\/wp-content\/uploads\/2025\/05\/tarifs.png 2000w, https:\/\/augustine-bordeaux.fr\/wp-content\/uploads\/2025\/05\/tarifs-300x212.png 300w, https:\/\/augustine-bordeaux.fr\/wp-content\/uploads\/2025\/05\/tarifs-1024x724.png 1024w, https:\/\/augustine-bordeaux.fr\/wp-content\/uploads\/2025\/05\/tarifs-768x543.png 768w, https:\/\/augustine-bordeaux.fr\/wp-content\/uploads\/2025\/05\/tarifs-1536x1086.png 1536w, https:\/\/augustine-bordeaux.fr\/wp-content\/uploads\/2025\/05\/tarifs-1568x1109.png 1568w\" sizes=\"(max-width: 2000px) 100vw, 2000px\" \/>    \n        <\/div>\n    <!-- \/image-wrap -->\n    \n        <\/div>\n<!-- \/module image -->        <\/div>\n                        <\/div>\n        <\/div>\n                        <div  data-lazy=\"1\" class=\"module_row themify_builder_row tb_d19p179 tf_w\">\n                        <div class=\"row_inner col_align_top tb_col_count_1 tf_box tf_rel\">\n                        <div  data-lazy=\"1\" class=\"module_column tb-column col-full tb_8hy3179 first\">\n                            <div  data-lazy=\"1\" class=\"module_subrow themify_builder_sub_row tf_w col_align_top tb_col_count_1 tb_rutt773\">\n                <div  data-lazy=\"1\" class=\"module_column sub_column col-full tb_j2ov773 first\">\n                    <!-- module text -->\n<div  class=\"module module-text tb_46au709   \" data-lazy=\"1\">\n        <div  class=\"tb_text_wrap\">\n        <p><span style=\"color: #000080;\">-15% sur pr\u00e9sentation de la carte jeune (12-26 ans).<\/span><\/p>    <\/div>\n<\/div>\n<!-- \/module text -->        <\/div>\n                    <\/div>\n                <\/div>\n                        <\/div>\n        <\/div>\n        <\/div>\n<!--\/themify_builder_content-->","protected":false},"excerpt":{"rendered":"<p>-15% sur pr\u00e9sentation de la carte jeune (12-26 ans).<\/p>\n","protected":false},"author":1,"featured_media":0,"parent":0,"menu_order":0,"comment_status":"closed","ping_status":"closed","template":"","meta":{"footnotes":""},"builder_content":"<p>Bye bye les chansons et les explorations dans la table Montessori, les ateliers d\u2019anglais pour les \u201cteens\u201d s\u2019adaptent aux adolescents: jeux de soci\u00e9t\u00e9, jeux de r\u00f4les, quizz,\u00a0 tout est pr\u00e9texte \u00e0 la pratique de l\u2019oral de mani\u00e8re ludique. Les ateliers suivent une progression au cours de l\u2019ann\u00e9e \u00e9quivalente \u00e0 la pr\u00e9paration aux examens de Cambridge, dont le passage est bien s\u00fbr optionnel.<\/p>\n<p>Un suivi p\u00e9dagogique, notamment \u00e0 destination des parents, sera assur\u00e9 par le biais du blog qui r\u00e9capitule les apprentissages et proposera divers supports ludiques pour r\u00e9viser \u00e0 la maison avec plaisir. Les ateliers seront anim\u00e9s par Augustine ou par des enseignants anglophones, en immersion (100% en anglais) avec une orientation davantage am\u00e9ricaine que Bristish.<\/p> <p>Tous les ateliers sont transposables en ligne en cas de n\u00e9cessit\u00e9.<\/p>\n<img src=\"https:\/\/augustine-bordeaux.fr\/wp-content\/uploads\/2025\/05\/2-1.png\" title=\"2\" alt=\"2\" srcset=\"https:\/\/augustine-bordeaux.fr\/wp-content\/uploads\/2025\/05\/2-1.png 2000w, https:\/\/augustine-bordeaux.fr\/wp-content\/uploads\/2025\/05\/2-1-300x212.png 300w, https:\/\/augustine-bordeaux.fr\/wp-content\/uploads\/2025\/05\/2-1-1024x724.png 1024w, https:\/\/augustine-bordeaux.fr\/wp-content\/uploads\/2025\/05\/2-1-768x543.png 768w, https:\/\/augustine-bordeaux.fr\/wp-content\/uploads\/2025\/05\/2-1-1536x1086.png 1536w, https:\/\/augustine-bordeaux.fr\/wp-content\/uploads\/2025\/05\/2-1-1568x1109.png 1568w\" sizes=\"(max-width: 2000px) 100vw, 2000px\" \/>\n<img src=\"https:\/\/augustine-bordeaux.fr\/wp-content\/uploads\/2025\/05\/3-1.png\" title=\"3\" alt=\"3\" srcset=\"https:\/\/augustine-bordeaux.fr\/wp-content\/uploads\/2025\/05\/3-1.png 2000w, https:\/\/augustine-bordeaux.fr\/wp-content\/uploads\/2025\/05\/3-1-300x212.png 300w, https:\/\/augustine-bordeaux.fr\/wp-content\/uploads\/2025\/05\/3-1-1024x724.png 1024w, https:\/\/augustine-bordeaux.fr\/wp-content\/uploads\/2025\/05\/3-1-768x543.png 768w, https:\/\/augustine-bordeaux.fr\/wp-content\/uploads\/2025\/05\/3-1-1536x1086.png 1536w, https:\/\/augustine-bordeaux.fr\/wp-content\/uploads\/2025\/05\/3-1-1568x1109.png 1568w\" sizes=\"(max-width: 2000px) 100vw, 2000px\" \/>\n<img src=\"https:\/\/augustine-bordeaux.fr\/wp-content\/uploads\/2025\/05\/tarifs.png\" title=\"tarifs\" alt=\"tarifs\" srcset=\"https:\/\/augustine-bordeaux.fr\/wp-content\/uploads\/2025\/05\/tarifs.png 2000w, https:\/\/augustine-bordeaux.fr\/wp-content\/uploads\/2025\/05\/tarifs-300x212.png 300w, https:\/\/augustine-bordeaux.fr\/wp-content\/uploads\/2025\/05\/tarifs-1024x724.png 1024w, https:\/\/augustine-bordeaux.fr\/wp-content\/uploads\/2025\/05\/tarifs-768x543.png 768w, https:\/\/augustine-bordeaux.fr\/wp-content\/uploads\/2025\/05\/tarifs-1536x1086.png 1536w, https:\/\/augustine-bordeaux.fr\/wp-content\/uploads\/2025\/05\/tarifs-1568x1109.png 1568w\" sizes=\"(max-width: 2000px) 100vw, 2000px\" \/>\n<p>-15% sur pr\u00e9sentation de la carte jeune (12-26 ans).<\/p>","_links":{"self":[{"href":"https:\/\/augustine-bordeaux.fr\/index.php\/wp-json\/wp\/v2\/pages\/345"}],"collection":[{"href":"https:\/\/augustine-bordeaux.fr\/index.php\/wp-json\/wp\/v2\/pages"}],"about":[{"href":"https:\/\/augustine-bordeaux.fr\/index.php\/wp-json\/wp\/v2\/types\/page"}],"author":[{"embeddable":true,"href":"https:\/\/augustine-bordeaux.fr\/index.php\/wp-json\/wp\/v2\/users\/1"}],"replies":[{"embeddable":true,"href":"https:\/\/augustine-bordeaux.fr\/index.php\/wp-json\/wp\/v2\/comments?post=345"}],"version-history":[{"count":61,"href":"https:\/\/augustine-bordeaux.fr\/index.php\/wp-json\/wp\/v2\/pages\/345\/revisions"}],"predecessor-version":[{"id":1845,"href":"https:\/\/augustine-bordeaux.fr\/index.php\/wp-json\/wp\/v2\/pages\/345\/revisions\/1845"}],"wp:attachment":[{"href":"https:\/\/augustine-bordeaux.fr\/index.php\/wp-json\/wp\/v2\/media?parent=345"}],"curies":[{"name":"wp","href":"https:\/\/api.w.org\/{rel}","templated":true}]}}