{"id":434,"date":"2022-08-18T17:15:12","date_gmt":"2022-08-18T15:15:12","guid":{"rendered":"http:\/\/augustine-bordeaux.fr\/index.php\/home-copy\/"},"modified":"2025-02-06T14:13:32","modified_gmt":"2025-02-06T13:13:32","slug":"ateliers-anglais","status":"publish","type":"page","link":"https:\/\/augustine-bordeaux.fr\/index.php\/ateliers-anglais\/","title":{"rendered":"Les ateliers d&rsquo;anglais"},"content":{"rendered":"<!--themify_builder_content-->\n<div id=\"themify_builder_content-434\" data-postid=\"434\" class=\"themify_builder_content themify_builder_content-434 themify_builder tf_clear\">\n                    <div  data-lazy=\"1\" class=\"module_row themify_builder_row tb_s02o984 tb_first tf_w\">\n                        <div class=\"row_inner col_align_top tb_col_count_1 tf_box tf_rel\">\n                        <div  data-lazy=\"1\" class=\"module_column tb-column col-full tb_kj22987 first\">\n                    <!-- module template_part -->\n<div  class=\"module module-layout-part tb_1oiz359 \">\n    <div class=\"tb_layout_part_wrap tf_w\"><!--themify_builder_content-->\n    <div  class=\"themify_builder_content themify_builder_content-1475 themify_builder not_editable_builder in_the_loop\" data-postid=\"1475\">\n                        <div  data-css_id=\"ikyv561\" data-lazy=\"1\" class=\"module_row themify_builder_row fullwidth_row_container tb_ikyv561 tf_w\">\n                        <div class=\"row_inner col_align_top tb_col_count_1 tf_box tf_rel\">\n                        <div  data-lazy=\"1\" class=\"module_column tb-column col-full tb_sq9n561 first\">\n                    <!-- module image -->\n<div  class=\"module module-image tb_zcdf464 image-top   tf_mw\" data-lazy=\"1\">\n        <div class=\"image-wrap tf_rel tf_mw\">\n            <img loading=\"lazy\" decoding=\"async\" width=\"2560\" height=\"1333\" src=\"https:\/\/augustine-bordeaux.fr\/wp-content\/uploads\/2022\/08\/Banniere_2880x1500-scaled.gif\" class=\"wp-post-image wp-image-201\" title=\"Banniere_2880x1500\" alt=\"Banniere_2880x1500\">    \n        <\/div>\n    <!-- \/image-wrap -->\n    \n        <\/div>\n<!-- \/module image -->        <\/div>\n                        <\/div>\n        <\/div>\n                        <div  data-lazy=\"1\" class=\"module_row themify_builder_row tb_7t2j327 tf_w\">\n                        <div class=\"row_inner col_align_top tb_col_count_1 tf_box tf_rel\">\n                        <div  data-lazy=\"1\" class=\"module_column tb-column col-full tb_u73p327 first\">\n                    <!-- module menu -->\n<div  class=\"module module-menu tb_6hwo304  mobile-menu-slide\" data-menu-style=\"mobile-menu-slide\" data-menu-breakpoint=\"\" data-menu-direction=\"right\" data-element-id=\"tb_6hwo304\" data-lazy=\"1\">\n        \n    <div class=\"module-menu-container tb_mega_menu\"><ul id=\"menu-mainmenu\" class=\"ui tf_clearfix nav tf_rel tf_scrollbar fullwidth pink rounded shadow\"><li  id=\"menu-item-1444\" class=\"menu-item-page-1427 menu-item menu-item-type-post_type menu-item-object-page menu-item-home menu-item-1444\"><a  href=\"https:\/\/augustine-bordeaux.fr\/\">Home<\/a> <\/li>\n<li  id=\"menu-item-1453\" class=\"menu-item-page-257 menu-item menu-item-type-post_type menu-item-object-page menu-item-1453\"><a  href=\"https:\/\/augustine-bordeaux.fr\/index.php\/lecole-augustine\/\">L\u2019\u00e9cole Augustine<\/a> <\/li>\n<li  id=\"menu-item-1449\" class=\"menu-item-page-434 menu-item menu-item-type-post_type menu-item-object-page menu-item-has-children has-sub-menu menu-item-1449\" aria-haspopup=\"true\"><a  href=\"https:\/\/augustine-bordeaux.fr\/index.php\/ateliers-anglais\/\" aria-haspopup=\"true\" aria-expanded=\"false\">Les ateliers d\u2019anglais<span class=\"child-arrow\"><\/span><\/a> <ul class=\"sub-menu\"><li  id=\"menu-item-1452\" class=\"menu-item-page-290 menu-item menu-item-type-post_type menu-item-object-page menu-item-1452 menu-page-290-parent-1449\"><a  href=\"https:\/\/augustine-bordeaux.fr\/index.php\/kids\/\">Kids<\/a> <\/li>\n<li  id=\"menu-item-1450\" class=\"menu-item-page-345 menu-item menu-item-type-post_type menu-item-object-page menu-item-1450 menu-page-345-parent-1449\"><a  href=\"https:\/\/augustine-bordeaux.fr\/index.php\/teens\/\">Teens<\/a> <\/li>\n<li  id=\"menu-item-1448\" class=\"menu-item-page-584 menu-item menu-item-type-post_type menu-item-object-page menu-item-1448 menu-page-584-parent-1449\"><a  href=\"https:\/\/augustine-bordeaux.fr\/index.php\/ateliers-a-domicile\/\">Mini-groupes \u00e0 domicile<\/a> <\/li>\n<li  id=\"menu-item-1451\" class=\"menu-item-page-336 menu-item menu-item-type-post_type menu-item-object-page menu-item-1451 menu-page-336-parent-1449\"><a  href=\"https:\/\/augustine-bordeaux.fr\/index.php\/adults\/\">Adults<\/a> <\/li>\n<\/ul><\/li>\n<li  id=\"menu-item-1446\" class=\"menu-item-page-622 menu-item menu-item-type-post_type menu-item-object-page menu-item-1446\"><a  href=\"https:\/\/augustine-bordeaux.fr\/index.php\/blog\/\">Le blog des parents<\/a> <\/li>\n<li  id=\"menu-item-1445\" class=\"menu-item-page-708 menu-item menu-item-type-post_type menu-item-object-page menu-item-1445\"><a  href=\"https:\/\/augustine-bordeaux.fr\/index.php\/learn-french-2\/\">Learn French<\/a> <\/li>\n<\/ul><\/div>        <style>\n            .mobile-menu-module[data-module=\"tb_6hwo304\"]{\n                right:-300px            }\n        <\/style>\n    <\/div>\n<!-- \/module menu -->\n<!-- module box -->\n<div  class=\"module module-box tb_kchm138 \" data-lazy=\"1\">\n    <div class=\"module-box-content ui  tb_default_color\">\n                <div class=\"tb_text_wrap\"><\/div>\n    <\/div>\n<\/div>\n<!-- \/module box -->\n        <\/div>\n                        <\/div>\n        <\/div>\n            <\/div>\n<!--\/themify_builder_content--><\/div>\n<\/div>\n<!-- \/module template_part -->        <\/div>\n                        <\/div>\n        <\/div>\n                        <div  data-lazy=\"1\" class=\"module_row themify_builder_row tb_xgee984 tf_w\">\n                        <div class=\"row_inner col_align_top tb_col_count_1 tf_box tf_rel\">\n                        <div  data-lazy=\"1\" class=\"module_column tb-column col-full tb_e7mt988 first\">\n                    <!-- module box -->\n<div  class=\"module module-box tb_br2l988 \" data-lazy=\"1\">\n    <div class=\"module-box-content ui  tb_default_color\">\n                <div class=\"tb_text_wrap\"><p>Augustine propose:<\/p>\n<p>\u00a0<\/p>\n<ul>\n<li>des ateliers d&rsquo;anglais inspir\u00e9s de la m\u00e9thode Montessori et bas\u00e9s sur la pratique de l&rsquo;oral aux b\u00e9b\u00e9s, enfants, et adolsecents du quartier Saint Augustin \u00e0 Bordeaux.<\/li>\n<\/ul>\n<p>\u00a0<\/p>\n<ul>\n<li>des cours d&rsquo;anglais sur mesure aux adultes (buisness English, conversation, remise \u00e0 niveau, pr\u00e9paration au voyage, pr\u00e9paration du TOIEC.<\/li>\n<\/ul>\n<p>\u00a0<\/p>\n<ul>\n<li>des cours de fran\u00e7ais aux \u00e9trangers: expatri\u00e9s, professionnels, \u00e9tuditans, enfants, touristes.<\/li>\n<\/ul><\/div>\n    <\/div>\n<\/div>\n<!-- \/module box -->\n        <\/div>\n                        <\/div>\n        <\/div>\n                        <div  data-lazy=\"1\" class=\"module_row themify_builder_row tb_8aja985 tf_w\">\n                        <div class=\"row_inner col_align_top tb_col_count_1 tf_box tf_rel\">\n                        <div  data-lazy=\"1\" class=\"module_column tb-column col-full tb_oak1989 first\">\n                    <!-- module template_part -->\n<div  class=\"module module-layout-part tb_nx72593 \">\n    <\/div>\n<!-- \/module template_part -->        <\/div>\n                        <\/div>\n        <\/div>\n        <\/div>\n<!--\/themify_builder_content-->","protected":false},"excerpt":{"rendered":"","protected":false},"author":1,"featured_media":0,"parent":0,"menu_order":0,"comment_status":"closed","ping_status":"closed","template":"","meta":{"footnotes":""},"builder_content":"<p>Augustine propose:<\/p> <p>\u00a0<\/p> <ul> <li>des ateliers d'anglais inspir\u00e9s de la m\u00e9thode Montessori et bas\u00e9s sur la pratique de l'oral aux b\u00e9b\u00e9s, enfants, et adolsecents du quartier Saint Augustin \u00e0 Bordeaux.<\/li> <\/ul> <p>\u00a0<\/p> <ul> <li>des cours d'anglais sur mesure aux adultes (buisness English, conversation, remise \u00e0 niveau, pr\u00e9paration au voyage, pr\u00e9paration du TOIEC.<\/li> <\/ul> <p>\u00a0<\/p> <ul> <li>des cours de fran\u00e7ais aux \u00e9trangers: expatri\u00e9s, professionnels, \u00e9tuditans, enfants, touristes.<\/li> <\/ul>","_links":{"self":[{"href":"https:\/\/augustine-bordeaux.fr\/index.php\/wp-json\/wp\/v2\/pages\/434"}],"collection":[{"href":"https:\/\/augustine-bordeaux.fr\/index.php\/wp-json\/wp\/v2\/pages"}],"about":[{"href":"https:\/\/augustine-bordeaux.fr\/index.php\/wp-json\/wp\/v2\/types\/page"}],"author":[{"embeddable":true,"href":"https:\/\/augustine-bordeaux.fr\/index.php\/wp-json\/wp\/v2\/users\/1"}],"replies":[{"embeddable":true,"href":"https:\/\/augustine-bordeaux.fr\/index.php\/wp-json\/wp\/v2\/comments?post=434"}],"version-history":[{"count":28,"href":"https:\/\/augustine-bordeaux.fr\/index.php\/wp-json\/wp\/v2\/pages\/434\/revisions"}],"predecessor-version":[{"id":1729,"href":"https:\/\/augustine-bordeaux.fr\/index.php\/wp-json\/wp\/v2\/pages\/434\/revisions\/1729"}],"wp:attachment":[{"href":"https:\/\/augustine-bordeaux.fr\/index.php\/wp-json\/wp\/v2\/media?parent=434"}],"curies":[{"name":"wp","href":"https:\/\/api.w.org\/{rel}","templated":true}]}}